{"id":869,"date":"2021-06-21T11:01:26","date_gmt":"2021-06-21T11:01:26","guid":{"rendered":"https:\/\/www.regeplus.be\/publications\/"},"modified":"2023-04-25T15:02:11","modified_gmt":"2023-04-25T15:02:11","slug":"publications","status":"publish","type":"page","link":"https:\/\/www.regeplus.be\/fr\/publications\/","title":{"rendered":"Publications"},"content":{"rendered":"<div class=\"wpb-content-wrapper\"><p>[vc_row][vc_column][vc_empty_space height=\u00a0\u00bb50px\u00a0\u00bb][\/vc_column][\/vc_row][vc_row el_class=\u00a0\u00bbpt-2&Prime;][vc_column][vc_custom_heading text=\u00a0\u00bbDescription d\u00e9taill\u00e9e du projet\u00a0\u00bb font_container=\u00a0\u00bbtag:h2|text_align:center\u00a0\u00bb use_theme_fonts=\u00a0\u00bbyes\u00a0\u00bb el_class=\u00a0\u00bbmb-0&Prime;][vc_separator color=\u00a0\u00bbcustom\u00a0\u00bb el_class=\u00a0\u00bbpt-1&Prime; accent_color=\u00a0\u00bb#689d46&Prime;][vc_column_text]<\/p>\n<ul>\n<li><strong><a href=\"https:\/\/www.regeplus.be\/files\/uploads\/2021\/08\/REGEplus_DetailedProjectDescription.pdf\" target=\"_blank\" rel=\"noopener\">Proposition de projet soumise \u00e0 Belspo pour l&rsquo;appel BRAIN-be 2.0 2020<\/a> <\/strong>(EN)<\/li>\n<\/ul>\n<p>[\/vc_column_text][\/vc_column][\/vc_row][vc_row el_class=\u00a0\u00bbpt-2&Prime;][vc_column][vc_custom_heading text=\u00a0\u00bbRapports interm\u00e9diaires et final\u00a0\u00bb font_container=\u00a0\u00bbtag:h2|text_align:center\u00a0\u00bb use_theme_fonts=\u00a0\u00bbyes\u00a0\u00bb el_class=\u00a0\u00bbmb-0&Prime;][vc_separator color=\u00a0\u00bbcustom\u00a0\u00bb el_class=\u00a0\u00bbpt-1&Prime; accent_color=\u00a0\u00bb#689d46&Prime;][vc_column_text]<\/p>\n<ul>\n<li><strong><a href=\"https:\/\/www.regeplus.be\/files\/uploads\/2022\/06\/AnnualNetworkReport_REGEplus_2022_VF.pdf\" target=\"_blank\" rel=\"noopener\">Rapport annuel 2022<\/a><\/strong> (EN)<\/li>\n<li><strong><a href=\"https:\/\/www.regeplus.be\/files\/uploads\/2023\/04\/AnnualNetworkReport_REGEplus_2023_VF.pdf\">Rapport annuel 2023<\/a><\/strong> (EN)<\/li>\n<\/ul>\n<p>[\/vc_column_text][\/vc_column][\/vc_row][vc_row el_class=\u00a0\u00bbpt-3&Prime;][vc_column][vc_custom_heading text=\u00a0\u00bbArticles dans des revues \u00e0 comit\u00e9 de lecture\u00a0\u00bb font_container=\u00a0\u00bbtag:h2|text_align:center\u00a0\u00bb use_theme_fonts=\u00a0\u00bbyes\u00a0\u00bb el_class=\u00a0\u00bbmb-0&Prime;][vc_separator color=\u00a0\u00bbcustom\u00a0\u00bb el_class=\u00a0\u00bbpt-1&Prime; accent_color=\u00a0\u00bb#689d46&Prime;][vc_column_text]<\/p>\n<ul>\n<li>de Wergifosse, L., Andr\u00e9, F., Goosse, H., Boczon, A., Cecchini, S., Ciceu, A., Collalti, A., Cools, N., D&rsquo;Andrea, E., De Vos, B., Hamdi, R., Ingerslev, M., Alban Knudsen, M., Kowalska, A., Leca, S., Matteucci, G., Nord-Larsen, T., Sanders, T.G.M., Schmitz, A., Termonia, P., Vanguelova, E., Van Schaeybroeck, B., Verstraeten, A., Vesterdal, L., Jonard, M., 2022. <a href=\"https:\/\/doi.org\/10.1016\/j.scitotenv.2021.150422\">Simulating tree growth response to climate change in structurally diverse oak and beech forests<\/a>. Science of the Total Environment 806, 150422.<\/li>\n<li>Andr\u00e9, F., de Wergifosse, L., de Coligny, F., Beudez, N., Ligot, G., Gauthray-Guy\u00e9net, V., Courbaud, B., Jonard, M., 2021. <a href=\"https:\/\/rdcu.be\/cAci5\">Radiative transfer modeling in structurally complex stands: towards a better understanding of parametrization<\/a>. Annals of Forest Science 78, 92.<\/li>\n<li><span style=\"font-weight: 400;\">Candaele, R., Lejeune, P., Licoppe, A., Malengreaux, C., Brostaux, Y., Morelle, K., Latte, N., 2021. <\/span><a href=\"https:\/\/doi.org\/10.1007\/s10342-020-01326-z\" target=\"_blank\" rel=\"noopener\"><span style=\"font-weight: 400;\">Mitigation of bark stripping on spruce: the need for red deer population control<\/span><\/a><span style=\"font-weight: 400;\">. European Journal of Forest Research 140, 227-240.<\/span><\/li>\n<li>de Wergifosse, L., Andr\u00e9, F., Beudez, N., de Coligny, F., Goosse, H., Jonard, M., Ponette, Q., Titeux, H., Vincke, C., Jonard, M., 2020. <a href=\"https:\/\/doi.org\/10.5194\/gmd-13-1459-2020\" target=\"_blank\" rel=\"noopener\">HETEROFOR 1.0: A spatially explicit model for exploring the response of structurally complex forests to uncertain future conditions-Part 2: Phenology and water cycle<\/a>. Geoscientific Model Development 13(3), 1459-1498.<\/li>\n<li>de Wergifosse, L., Andr\u00e9, F., Goosse, H., Caluwaerts, S., de Cruz, L., de Troch, R., Van Schaeybroeck, B., Jonard, M., 2020. <a href=\"https:\/\/doi.org\/10.1007\/s13595-020-00966-w\" target=\"_blank\" rel=\"noopener\">CO2 fertilization, transpiration deficit and vegetation period drive the response of mixed broadleaved forests to a changing climate in Wallonia<\/a>. Annals of Forest Science 77(3), 70.<\/li>\n<li>Jonard, M., Andr\u00e9, F., de Coligny, F., de Wergifosse, L., Beudez, N., Davi, H., Ligot, G., Ponette, Q., Vincke, C., 2020. <a href=\"https:\/\/doi.org\/10.5194\/gmd-13-905-2020\" target=\"_blank\" rel=\"noopener\">HETEROFOR 1.0: A spatially explicit model for exploring the response of structurally complex forests to uncertain future conditions-Part 1: Carbon fluxes and tree dimensional growth<\/a>. Geoscientific Model Development 13(3), 905-935.<\/li>\n<li>Ligot, G., Balandier, P., Schmitz, S., Claessens, H., 2020. <a href=\"https:\/\/doi.org\/10.1093\/forestry\/cpaa004\" target=\"_blank\" rel=\"noopener\">Transforming even-aged coniferous stands to multi-aged stands: An opportunity to increase tree species diversity?<\/a> Forestry 93(5), 616-629.<\/li>\n<li>Manso, R., Ligot, G., Fortin, M., 2019. <a href=\"https:\/\/doi.org\/10.1093\/foresj\/cpz056\" target=\"_blank\" rel=\"noopener\">A recruitment model for beech\u2013oak pure and mixed stands in Belgium<\/a>. Forestry 93(1), 124-132.<\/li>\n<li>Termonia, P., Van Schaeybroeck, B., De Cruz, L., De Troch, R., Caluwaerts, S., Giot, O., Hamdi, R., Vannitsem, S., Duch\u00eane, F., Willems, P., Tabari, H., Van Uytven, E., Hosseinzadehtalaei, P., Van Lipzig, N., Wouters, H., Vanden Broucke, S., van Ypersele, J.P., Marbaix, P., Villanueva-Birriel, C., Fettweis, X., Wyard, C., Scholzen, C., Doutreloup, S., De Ridder, K., Gobbin, A., Lauwaet, D., Stavrakou, T., Bauwens, M., M\u00fcller, J.F., Luyten, P., Ponsar, S., Van den Eynde, D., Pottiaux, E., 2018. <a href=\"http:\/\/dx.doi.org\/10.1016\/j.cliser.2018.05.001\" target=\"_blank\" rel=\"noopener\">The CORDEX. Be initiative as a foundation for climate services in Belgium<\/a>. Climate Services 11, 49-61<\/li>\n<li>Giot, O., Termonia, P., Degrauwe, D., De Troch, R., Caluwaerts, S., Smet, G., Berckmans, J., Deckmyn, A., De Cruz, L., De Meutter, P., Duerinckx, A., Gerard, L., Hamdi, R., Van den Bergh, J., Van Ginderachter, M., Van Schaeybroeck, B., 2016. <a href=\"https:\/\/doi.org\/10.5194\/gmd-9-1143-2016\" target=\"_blank\" rel=\"noopener\">Validation of the ALARO-0 model within the EURO-CORDEX framework<\/a>. Geoscientific Model Development 9(3), 1143-1152<\/li>\n<li>Ligot, G., Ameztegui, A., Courbaud, B., Coll, L., &amp; Kneeshaw, D., 2016. <a href=\"https:\/\/doi.org\/10.1139\/cjfr-2016-0061\" target=\"_blank\" rel=\"noopener\">Tree light capture and spatial variability of understory light increase with species mixing and tree size heterogeneity<\/a>. Canadian Journal of Forest 46(7), 968-977<\/li>\n<li>Lehaire, F., Ligot, G., Morelle, K., Lejeune, P., 2014. <a href=\"https:\/\/popups.uliege.be\/1780-4507\/index.php?id=11102\" target=\"_blank\" rel=\"noopener\">Les indicateurs de la pression du cerf \u00e9laphe sur la v\u00e9g\u00e9tation du sous-bois en for\u00eats feuillues temp\u00e9r\u00e9es : synth\u00e8se bibliographique<\/a>. Biotechnologie, Agronomie, Soci\u00e9t\u00e9 et Environnement18(2), 262-272.<\/li>\n<li>Ligot, G., Balandier, P., Courbaud, B., Claessens, H., 2014. <a href=\"https:\/\/doi.org\/10.1139\/cjfr-2013-0494\" target=\"_blank\" rel=\"noopener\">Forest radiative transfer models: which approach for which application?<\/a> Canadian Journal of Forest Research 44(5), 391-403.<\/li>\n<li>Ligot, G., Balandier, P., Courbaud, B., Jonard, M., Kneeshaw, D., Claessens, H., 2014. <a href=\"https:\/\/doi.org\/10.1016\/j.foreco.2014.05.010\" target=\"_blank\" rel=\"noopener\">Managing understory light to maintain a mixture of species with different shade tolerance<\/a>. Forest Ecology and Management 327, 189-200.<\/li>\n<li>Ligot, G., Balandier, P., Fayolle, A., Lejeune, P., Claessens, H., 2013. <a href=\"https:\/\/doi.org\/10.1016\/j.foreco.2013.05.050\" target=\"_blank\" rel=\"noopener\">Height competition between <i>Quercus petraea <\/i>and<i> Fagus sylvatica<\/i> natural regeneration in mixed and uneven-aged stands<\/a>. Forest Ecology and Management 304, 391-398.<\/li>\n<li>Ligot, G., Gheysen, T., Lehaire, F., Hebert, J., Licoppe, A., Lejeune, P., Brostaux, Y., 2013. <a href=\"https:\/\/doi.org\/10.1007\/s13595-012-0253-9\" target=\"_blank\" rel=\"noopener\">Modeling recent bark stripping by red deer (<i>Cervus elaphus<\/i>) in South Belgium coniferous stands<\/a>. Annals of Forest Science 70(3), 309-318.<\/li>\n<li>Gheysen, T., Brostaux, Y., Hebert, J., Ligot, G., Rondeux, J., Lejeune, P., 2011. <a href=\"https:\/\/doi.org\/10.1007\/s10661-010-1832-6\" target=\"_blank\" rel=\"noopener\">A regional inventory and monitoring setup to evaluate bark peeling damage by red deer (<i>Cervus Elaphus<\/i>) in coniferous plantations in Southern Belgium<\/a>. Environmental Monitoring and Assessment 181, 335-345.<\/li>\n<\/ul>\n<p>[\/vc_column_text][\/vc_column][\/vc_row][vc_row el_class=\u00a0\u00bbpt-3&Prime;][vc_column][vc_custom_heading text=\u00a0\u00bbArticles dans des revues de vulgarisation\u00a0\u00bb font_container=\u00a0\u00bbtag:h2|text_align:center\u00a0\u00bb use_theme_fonts=\u00a0\u00bbyes\u00a0\u00bb el_class=\u00a0\u00bbmb-0&Prime;][vc_separator color=\u00a0\u00bbcustom\u00a0\u00bb el_class=\u00a0\u00bbpt-1&Prime; accent_color=\u00a0\u00bb#689d46&Prime;][vc_column_text]<\/p>\n<ul>\n<li><span style=\"font-weight: 400;\">Candaele, R., Lejeune, P., Licoppe, A., Malengreaux, C., Brostaux, Y., Morelle, K., Latte, N., 2020. <a href=\"https:\/\/www.regeplus.be\/files\/uploads\/2021\/08\/CandaeleR_ForNat157.pdf\" target=\"_blank\" rel=\"noopener\">Comment r\u00e9duire l&rsquo;\u00e9corcement du cerf sur l&rsquo;\u00e9pic\u00e9a, premi\u00e8re essence de production en Wallonie?<\/a> For\u00eat.Nature 157, 47-57.<\/span><\/li>\n<li>Ligot, G., Balandier, P., Schmitz, S., Petit, S., Claessens, H., 2020. <a href=\"https:\/\/www.regeplus.be\/files\/uploads\/2021\/08\/LigotG_ForNat154.pdf\" target=\"_blank\" rel=\"noopener\">Contr\u00f4ler par l\u2019\u00e9claircie la composition de la r\u00e9g\u00e9n\u00e9ration naturelle dans les peuplements r\u00e9sineux en cours d\u2019irr\u00e9gularisation.<\/a> For\u00eat.Nature 154, 57-66.<\/li>\n<li>Andr\u00e9, F., de Wergifosse, L., Jonard, M., 2019. <a href=\"https:\/\/www.regeplus.be\/files\/uploads\/2021\/08\/AndreF_ForNat152.pdf\" target=\"_blank\" rel=\"noopener\">Am\u00e9lioration des itin\u00e9raires sylvicoles pour une foresterie durable dans un environnement changeant.<\/a> For\u00eat.Nature 152, 45-52.<\/li>\n<li>Jonard, F., 2019. <a href=\"https:\/\/www.regeplus.be\/files\/uploads\/2021\/08\/JonardM_ForetNatureHS1.pdf\" target=\"_blank\" rel=\"noopener\">La for\u00eat face aux changements climatiques.<\/a> For\u00eat.Nature, Hors s\u00e9rie n\u00b01, 30-31.<\/li>\n<li>Ligot, G., Claessens, H., Baudry, O., Ponette, Q., 2014. <a href=\"https:\/\/www.regeplus.be\/files\/uploads\/2021\/08\/LigotG_ForNat129.pdf\" target=\"_blank\" rel=\"noopener\">La r\u00e9g\u00e9n\u00e9ration naturelle des h\u00eatraies-ch\u00eanaies en lumi\u00e8re: approche exp\u00e9rimentale en for\u00eat ardennaise.<\/a> For\u00eat.Nature 129, 19-21.<\/li>\n<li>Ligot, G., Balandier, P., Mackels, B., Lehaire, F., Claessens, H., 2014. <a href=\"https:\/\/www.regeplus.be\/files\/uploads\/2021\/08\/LigotG_ForNat128.pdf\" target=\"_blank\" rel=\"noopener\">Suivi scientifique de vingt-sept r\u00e9g\u00e9n\u00e9rations naturelles de ch\u00eane sessile et de h\u00eatre en Ardenne: retour d&rsquo;exp\u00e9rience<\/a>. For\u00eat.Nature 128, 3-13.<\/li>\n<li>Ligot, G., Lehaire, F., Gheysen, T., Licoppe, A., Lejeune, P., 2013. <a href=\"https:\/\/www.regeplus.be\/files\/uploads\/2021\/08\/LigotG_ForNat126.pdf\" target=\"_blank\" rel=\"noopener\">Analyse spatio-temporelle des d\u00e9g\u00e2ts d&rsquo;\u00e9corcement dans les plantations r\u00e9sineuses en R\u00e9gion Wallonne.<\/a> For\u00eat.Nature 126, 29-39.<\/li>\n<li>Alderweireld, M., Ligot, G., Latte, N., Claessens, H., 2010. <a href=\"https:\/\/www.regeplus.be\/files\/uploads\/2021\/08\/AlderweireldM_ForNat109.pdf\" target=\"_blank\" rel=\"noopener\">Le ch\u00eane en for\u00eat ardennaise, un atout \u00e0 pr\u00e9server.<\/a> For\u00eat.Nature 109, 10-24.<\/li>\n<\/ul>\n<p>[\/vc_column_text][\/vc_column][\/vc_row][vc_row][vc_column][vc_empty_space height=\u00a0\u00bb50px\u00a0\u00bb][\/vc_column][\/vc_row]<\/p>\n<\/div>","protected":false},"excerpt":{"rendered":"<p>[vc_row][vc_column][vc_empty_space height=\u00a0\u00bb50px\u00a0\u00bb][\/vc_column][\/vc_row][vc_row el_class=\u00a0\u00bbpt-2&Prime;][vc_column][vc_custom_heading text=\u00a0\u00bbDescription d\u00e9taill\u00e9e du projet\u00a0\u00bb font_container=\u00a0\u00bbtag:h2|text_align:center\u00a0\u00bb use_theme_fonts=\u00a0\u00bbyes\u00a0\u00bb el_class=\u00a0\u00bbmb-0&Prime;][vc_separator color=\u00a0\u00bbcustom\u00a0\u00bb el_class=\u00a0\u00bbpt-1&Prime; accent_color=\u00a0\u00bb#689d46&Prime;][vc_column_text] Proposition de projet soumise \u00e0 Belspo pour l&rsquo;appel BRAIN-be 2.0 2020 (EN) [\/vc_column_text][\/vc_column][\/vc_row][vc_row el_class=\u00a0\u00bbpt-2&Prime;][vc_column][vc_custom_heading text=\u00a0\u00bbRapports interm\u00e9diaires et final\u00a0\u00bb font_container=\u00a0\u00bbtag:h2|text_align:center\u00a0\u00bb use_theme_fonts=\u00a0\u00bbyes\u00a0\u00bb el_class=\u00a0\u00bbmb-0&Prime;][vc_separator color=\u00a0\u00bbcustom\u00a0\u00bb el_class=\u00a0\u00bbpt-1&Prime; accent_color=\u00a0\u00bb#689d46&Prime;][vc_column_text] Rapport annuel 2022 (EN) Rapport annuel 2023 (EN) [\/vc_column_text][\/vc_column][\/vc_row][vc_row el_class=\u00a0\u00bbpt-3&Prime;][vc_column][vc_custom_heading text=\u00a0\u00bbArticles dans des revues \u00e0 comit\u00e9 de lecture\u00a0\u00bb [&hellip;]<\/p>\n","protected":false},"author":1,"featured_media":0,"parent":0,"menu_order":0,"comment_status":"closed","ping_status":"closed","template":"","meta":{"footnotes":""},"class_list":["post-869","page","type-page","status-publish","hentry"],"yoast_head":"<!-- This site is optimized with the Yoast SEO plugin v27.4 - https:\/\/yoast.com\/product\/yoast-seo-wordpress\/ -->\n<title>Publications | REGE+<\/title>\n<meta name=\"robots\" content=\"index, follow, max-snippet:-1, max-image-preview:large, max-video-preview:-1\" \/>\n<link rel=\"canonical\" href=\"https:\/\/www.regeplus.be\/fr\/publications\/\" \/>\n<meta property=\"og:locale\" content=\"fr_FR\" \/>\n<meta property=\"og:type\" content=\"article\" \/>\n<meta property=\"og:title\" content=\"Publications | REGE+\" \/>\n<meta property=\"og:description\" content=\"[vc_row][vc_column][vc_empty_space height=\u00a0\u00bb50px\u00a0\u00bb][\/vc_column][\/vc_row][vc_row el_class=\u00a0\u00bbpt-2&Prime;][vc_column][vc_custom_heading text=\u00a0\u00bbDescription d\u00e9taill\u00e9e du projet\u00a0\u00bb font_container=\u00a0\u00bbtag:h2|text_align:center\u00a0\u00bb use_theme_fonts=\u00a0\u00bbyes\u00a0\u00bb el_class=\u00a0\u00bbmb-0&Prime;][vc_separator color=\u00a0\u00bbcustom\u00a0\u00bb el_class=\u00a0\u00bbpt-1&Prime; accent_color=\u00a0\u00bb#689d46&Prime;][vc_column_text] Proposition de projet soumise \u00e0 Belspo pour l&rsquo;appel BRAIN-be 2.0 2020 (EN) [\/vc_column_text][\/vc_column][\/vc_row][vc_row el_class=\u00a0\u00bbpt-2&Prime;][vc_column][vc_custom_heading text=\u00a0\u00bbRapports interm\u00e9diaires et final\u00a0\u00bb font_container=\u00a0\u00bbtag:h2|text_align:center\u00a0\u00bb use_theme_fonts=\u00a0\u00bbyes\u00a0\u00bb el_class=\u00a0\u00bbmb-0&Prime;][vc_separator color=\u00a0\u00bbcustom\u00a0\u00bb el_class=\u00a0\u00bbpt-1&Prime; accent_color=\u00a0\u00bb#689d46&Prime;][vc_column_text] Rapport annuel 2022 (EN) Rapport annuel 2023 (EN) [\/vc_column_text][\/vc_column][\/vc_row][vc_row el_class=\u00a0\u00bbpt-3&Prime;][vc_column][vc_custom_heading text=\u00a0\u00bbArticles dans des revues \u00e0 comit\u00e9 de lecture\u00a0\u00bb [&hellip;]\" \/>\n<meta property=\"og:url\" content=\"https:\/\/www.regeplus.be\/fr\/publications\/\" \/>\n<meta property=\"og:site_name\" content=\"REGE+\" \/>\n<meta property=\"article:modified_time\" content=\"2023-04-25T15:02:11+00:00\" \/>\n<meta property=\"og:image\" content=\"https:\/\/www.regeplus.be\/files\/uploads\/2021\/11\/regeplus-og.jpg\" \/>\n\t<meta property=\"og:image:width\" content=\"1920\" \/>\n\t<meta property=\"og:image:height\" content=\"1440\" \/>\n\t<meta property=\"og:image:type\" content=\"image\/jpeg\" \/>\n<meta name=\"twitter:card\" content=\"summary_large_image\" \/>\n<meta name=\"twitter:label1\" content=\"Dur\u00e9e de lecture estim\u00e9e\" \/>\n\t<meta name=\"twitter:data1\" content=\"6 minutes\" \/>\n<script type=\"application\/ld+json\" class=\"yoast-schema-graph\">{\"@context\":\"https:\\\/\\\/schema.org\",\"@graph\":[{\"@type\":\"WebPage\",\"@id\":\"https:\\\/\\\/www.regeplus.be\\\/fr\\\/publications\\\/\",\"url\":\"https:\\\/\\\/www.regeplus.be\\\/fr\\\/publications\\\/\",\"name\":\"Publications | REGE+\",\"isPartOf\":{\"@id\":\"https:\\\/\\\/www.regeplus.be\\\/fr\\\/#website\"},\"datePublished\":\"2021-06-21T11:01:26+00:00\",\"dateModified\":\"2023-04-25T15:02:11+00:00\",\"breadcrumb\":{\"@id\":\"https:\\\/\\\/www.regeplus.be\\\/fr\\\/publications\\\/#breadcrumb\"},\"inLanguage\":\"fr-FR\",\"potentialAction\":[{\"@type\":\"ReadAction\",\"target\":[\"https:\\\/\\\/www.regeplus.be\\\/fr\\\/publications\\\/\"]}]},{\"@type\":\"BreadcrumbList\",\"@id\":\"https:\\\/\\\/www.regeplus.be\\\/fr\\\/publications\\\/#breadcrumb\",\"itemListElement\":[{\"@type\":\"ListItem\",\"position\":1,\"name\":\"Accueil\",\"item\":\"https:\\\/\\\/www.regeplus.be\\\/fr\\\/\"},{\"@type\":\"ListItem\",\"position\":2,\"name\":\"Publications\"}]},{\"@type\":\"WebSite\",\"@id\":\"https:\\\/\\\/www.regeplus.be\\\/fr\\\/#website\",\"url\":\"https:\\\/\\\/www.regeplus.be\\\/fr\\\/\",\"name\":\"REGE+\",\"description\":\"\",\"publisher\":{\"@id\":\"https:\\\/\\\/www.regeplus.be\\\/fr\\\/#organization\"},\"potentialAction\":[{\"@type\":\"SearchAction\",\"target\":{\"@type\":\"EntryPoint\",\"urlTemplate\":\"https:\\\/\\\/www.regeplus.be\\\/fr\\\/?s={search_term_string}\"},\"query-input\":{\"@type\":\"PropertyValueSpecification\",\"valueRequired\":true,\"valueName\":\"search_term_string\"}}],\"inLanguage\":\"fr-FR\"},{\"@type\":\"Organization\",\"@id\":\"https:\\\/\\\/www.regeplus.be\\\/fr\\\/#organization\",\"name\":\"Rege+\",\"url\":\"https:\\\/\\\/www.regeplus.be\\\/fr\\\/\",\"logo\":{\"@type\":\"ImageObject\",\"inLanguage\":\"fr-FR\",\"@id\":\"https:\\\/\\\/www.regeplus.be\\\/fr\\\/#\\\/schema\\\/logo\\\/image\\\/\",\"url\":\"https:\\\/\\\/www.regeplus.be\\\/files\\\/uploads\\\/2021\\\/11\\\/regeplus_logo.png\",\"contentUrl\":\"https:\\\/\\\/www.regeplus.be\\\/files\\\/uploads\\\/2021\\\/11\\\/regeplus_logo.png\",\"width\":2061,\"height\":1555,\"caption\":\"Rege+\"},\"image\":{\"@id\":\"https:\\\/\\\/www.regeplus.be\\\/fr\\\/#\\\/schema\\\/logo\\\/image\\\/\"}}]}<\/script>\n<!-- \/ Yoast SEO plugin. -->","yoast_head_json":{"title":"Publications | REGE+","robots":{"index":"index","follow":"follow","max-snippet":"max-snippet:-1","max-image-preview":"max-image-preview:large","max-video-preview":"max-video-preview:-1"},"canonical":"https:\/\/www.regeplus.be\/fr\/publications\/","og_locale":"fr_FR","og_type":"article","og_title":"Publications | REGE+","og_description":"[vc_row][vc_column][vc_empty_space height=\u00a0\u00bb50px\u00a0\u00bb][\/vc_column][\/vc_row][vc_row el_class=\u00a0\u00bbpt-2&Prime;][vc_column][vc_custom_heading text=\u00a0\u00bbDescription d\u00e9taill\u00e9e du projet\u00a0\u00bb font_container=\u00a0\u00bbtag:h2|text_align:center\u00a0\u00bb use_theme_fonts=\u00a0\u00bbyes\u00a0\u00bb el_class=\u00a0\u00bbmb-0&Prime;][vc_separator color=\u00a0\u00bbcustom\u00a0\u00bb el_class=\u00a0\u00bbpt-1&Prime; accent_color=\u00a0\u00bb#689d46&Prime;][vc_column_text] Proposition de projet soumise \u00e0 Belspo pour l&rsquo;appel BRAIN-be 2.0 2020 (EN) [\/vc_column_text][\/vc_column][\/vc_row][vc_row el_class=\u00a0\u00bbpt-2&Prime;][vc_column][vc_custom_heading text=\u00a0\u00bbRapports interm\u00e9diaires et final\u00a0\u00bb font_container=\u00a0\u00bbtag:h2|text_align:center\u00a0\u00bb use_theme_fonts=\u00a0\u00bbyes\u00a0\u00bb el_class=\u00a0\u00bbmb-0&Prime;][vc_separator color=\u00a0\u00bbcustom\u00a0\u00bb el_class=\u00a0\u00bbpt-1&Prime; accent_color=\u00a0\u00bb#689d46&Prime;][vc_column_text] Rapport annuel 2022 (EN) Rapport annuel 2023 (EN) [\/vc_column_text][\/vc_column][\/vc_row][vc_row el_class=\u00a0\u00bbpt-3&Prime;][vc_column][vc_custom_heading text=\u00a0\u00bbArticles dans des revues \u00e0 comit\u00e9 de lecture\u00a0\u00bb [&hellip;]","og_url":"https:\/\/www.regeplus.be\/fr\/publications\/","og_site_name":"REGE+","article_modified_time":"2023-04-25T15:02:11+00:00","og_image":[{"width":1920,"height":1440,"url":"https:\/\/www.regeplus.be\/files\/uploads\/2021\/11\/regeplus-og.jpg","type":"image\/jpeg"}],"twitter_card":"summary_large_image","twitter_misc":{"Dur\u00e9e de lecture estim\u00e9e":"6 minutes"},"schema":{"@context":"https:\/\/schema.org","@graph":[{"@type":"WebPage","@id":"https:\/\/www.regeplus.be\/fr\/publications\/","url":"https:\/\/www.regeplus.be\/fr\/publications\/","name":"Publications | REGE+","isPartOf":{"@id":"https:\/\/www.regeplus.be\/fr\/#website"},"datePublished":"2021-06-21T11:01:26+00:00","dateModified":"2023-04-25T15:02:11+00:00","breadcrumb":{"@id":"https:\/\/www.regeplus.be\/fr\/publications\/#breadcrumb"},"inLanguage":"fr-FR","potentialAction":[{"@type":"ReadAction","target":["https:\/\/www.regeplus.be\/fr\/publications\/"]}]},{"@type":"BreadcrumbList","@id":"https:\/\/www.regeplus.be\/fr\/publications\/#breadcrumb","itemListElement":[{"@type":"ListItem","position":1,"name":"Accueil","item":"https:\/\/www.regeplus.be\/fr\/"},{"@type":"ListItem","position":2,"name":"Publications"}]},{"@type":"WebSite","@id":"https:\/\/www.regeplus.be\/fr\/#website","url":"https:\/\/www.regeplus.be\/fr\/","name":"REGE+","description":"","publisher":{"@id":"https:\/\/www.regeplus.be\/fr\/#organization"},"potentialAction":[{"@type":"SearchAction","target":{"@type":"EntryPoint","urlTemplate":"https:\/\/www.regeplus.be\/fr\/?s={search_term_string}"},"query-input":{"@type":"PropertyValueSpecification","valueRequired":true,"valueName":"search_term_string"}}],"inLanguage":"fr-FR"},{"@type":"Organization","@id":"https:\/\/www.regeplus.be\/fr\/#organization","name":"Rege+","url":"https:\/\/www.regeplus.be\/fr\/","logo":{"@type":"ImageObject","inLanguage":"fr-FR","@id":"https:\/\/www.regeplus.be\/fr\/#\/schema\/logo\/image\/","url":"https:\/\/www.regeplus.be\/files\/uploads\/2021\/11\/regeplus_logo.png","contentUrl":"https:\/\/www.regeplus.be\/files\/uploads\/2021\/11\/regeplus_logo.png","width":2061,"height":1555,"caption":"Rege+"},"image":{"@id":"https:\/\/www.regeplus.be\/fr\/#\/schema\/logo\/image\/"}}]}},"_links":{"self":[{"href":"https:\/\/www.regeplus.be\/fr\/wp-json\/wp\/v2\/pages\/869","targetHints":{"allow":["GET"]}}],"collection":[{"href":"https:\/\/www.regeplus.be\/fr\/wp-json\/wp\/v2\/pages"}],"about":[{"href":"https:\/\/www.regeplus.be\/fr\/wp-json\/wp\/v2\/types\/page"}],"author":[{"embeddable":true,"href":"https:\/\/www.regeplus.be\/fr\/wp-json\/wp\/v2\/users\/1"}],"replies":[{"embeddable":true,"href":"https:\/\/www.regeplus.be\/fr\/wp-json\/wp\/v2\/comments?post=869"}],"version-history":[{"count":5,"href":"https:\/\/www.regeplus.be\/fr\/wp-json\/wp\/v2\/pages\/869\/revisions"}],"predecessor-version":[{"id":11403,"href":"https:\/\/www.regeplus.be\/fr\/wp-json\/wp\/v2\/pages\/869\/revisions\/11403"}],"wp:attachment":[{"href":"https:\/\/www.regeplus.be\/fr\/wp-json\/wp\/v2\/media?parent=869"}],"curies":[{"name":"wp","href":"https:\/\/api.w.org\/{rel}","templated":true}]}}