{"id":865,"date":"2021-06-21T10:59:32","date_gmt":"2021-06-21T10:59:32","guid":{"rendered":"https:\/\/www.regeplus.be\/project-description\/"},"modified":"2022-01-13T15:22:14","modified_gmt":"2022-01-13T15:22:14","slug":"project-description","status":"publish","type":"page","link":"https:\/\/www.regeplus.be\/fr\/project-description\/","title":{"rendered":"Description du projet"},"content":{"rendered":"<div class=\"wpb-content-wrapper\"><p>[vc_row][vc_column][vc_empty_space height=\u00a0\u00bb50px\u00a0\u00bb][\/vc_column][\/vc_row][vc_row el_class=\u00a0\u00bbpt-2&Prime; el_id=\u00a0\u00bbcontexte\u00a0\u00bb][vc_column][vc_custom_heading text=\u00a0\u00bbContexte\u00a0\u00bb use_theme_fonts=\u00a0\u00bbyes\u00a0\u00bb el_class=\u00a0\u00bbmb-0&Prime;][vc_separator color=\u00a0\u00bbcustom\u00a0\u00bb el_class=\u00a0\u00bbpt-1&Prime; accent_color=\u00a0\u00bb#689d46&Prime;][\/vc_column][\/vc_row][vc_row][vc_column width=\u00a0\u00bb1\/2&Prime;][vc_column_text el_class=\u00a0\u00bbmb-0&Prime;]<span style=\"font-weight: 400;\">Pour maintenir leurs multiples services \u00e9cosyst\u00e9miques (entre autres, la production de bois, les loisirs, la protection des sols et de l&rsquo;eau, la s\u00e9questration du carbone) sur le long terme, les for\u00eats doivent \u00eatre continuellement r\u00e9g\u00e9n\u00e9r\u00e9es. Les for\u00eats europ\u00e9ennes et, plus sp\u00e9cifiquement, les for\u00eats belges sont cependant confront\u00e9es \u00e0 diverses menaces. Les \u00e9t\u00e9s chauds et secs affaiblissent les arbres et les semis en raison du manque d&rsquo;eau et d\u00e9clenchent des \u00e9pid\u00e9mies de ravageurs et d&rsquo;agents pathog\u00e8nes. La r\u00e9cente \u00e9pid\u00e9mie de scolytes en Belgique est un exemple des cons\u00e9quences de la succession de plusieurs ann\u00e9es chaudes et s\u00e8ches (2016-2018). En outre, la gestion de la faune sauvage, et en particulier de la population d&rsquo;ongul\u00e9s (chevreuil, cerf, sanglier) pourrait affecter de mani\u00e8re critique la dynamique foresti\u00e8re car les ongul\u00e9s affectent pr\u00e9f\u00e9rentiellement certaines esp\u00e8ces d&rsquo;arbres par rapport \u00e0 d&rsquo;autres, modifiant la composition de la for\u00eat \u00e0 long terme. <\/span><span style=\"font-weight: 400;\">Dans ce contexte incertain et changeant, les gestionnaires forestiers doivent am\u00e9liorer la r\u00e9sistance et la r\u00e9silience des for\u00eats.<\/span>[\/vc_column_text][\/vc_column][vc_column width=\u00a0\u00bb1\/2&Prime;][vc_column_text el_class=\u00a0\u00bbmb-0&Prime;]<span style=\"font-weight: 400;\">La cr\u00e9ation de peuplements irr\u00e9guliers et m\u00e9lang\u00e9s selon les principes de la sylviculture proche de la nature ou \u00e0 couvert continu est souvent pr\u00e9conis\u00e9e \u00e0 cette fin. En effet, le m\u00e9lange d&rsquo;esp\u00e8ces d&rsquo;arbres aux traits fonctionnels contrast\u00e9s offre une grande vari\u00e9t\u00e9 de r\u00e9ponses possibles aux diff\u00e9rents stress et am\u00e9liore ainsi la capacit\u00e9 de r\u00e9cup\u00e9ration de la for\u00eat apr\u00e8s perturbation. <\/span><\/p>\n<p><span style=\"font-weight: 400;\">Les forestiers ont besoin de guides sylvicoles pour rendre la for\u00eat plus r\u00e9siliente et tester des strat\u00e9gies de gestion innovantes. Malheureusement, toutes les options sylvicoles envisageables pour chaque station et chaque sc\u00e9nario climatique<\/span><span style=\"font-weight: 400;\">\u00a0ne peuvent pas \u00eatre test\u00e9es sur le terrain. Une analyse de sc\u00e9narios bas\u00e9e sur des simulations est donc n\u00e9cessaire pour s\u00e9lectionner les pratiques de gestion les plus prometteuses qui pourront ensuite \u00eatre exp\u00e9riment\u00e9es <\/span><i><span style=\"font-weight: 400;\">in situ<\/span><\/i><span style=\"font-weight: 400;\">. <\/span>[\/vc_column_text][\/vc_column][\/vc_row][vc_row el_class=\u00a0\u00bbpt-1 pt-md-4&Prime;][vc_column][vc_single_image image=\u00a0\u00bb233&Prime; img_size=\u00a0\u00bbfull\u00a0\u00bb][\/vc_column][\/vc_row][vc_row][vc_column][vc_empty_space height=\u00a0\u00bb50px\u00a0\u00bb][\/vc_column][\/vc_row][vc_row el_class=\u00a0\u00bbpt-2&Prime; el_id=\u00a0\u00bbobjectifs\u00a0\u00bb][vc_column][vc_custom_heading text=\u00a0\u00bbObjectifs\u00a0\u00bb use_theme_fonts=\u00a0\u00bbyes\u00a0\u00bb el_class=\u00a0\u00bbmb-0&Prime;][vc_separator color=\u00a0\u00bbcustom\u00a0\u00bb el_class=\u00a0\u00bbpt-1&Prime; accent_color=\u00a0\u00bb#689d46&Prime;][\/vc_column][\/vc_row][vc_row][vc_column width=\u00a0\u00bb1\/2&Prime;][vc_column_text el_class=\u00a0\u00bbmb-0&Prime;]<span style=\"font-weight: 400;\">Pour une s\u00e9rie de cas d&rsquo;\u00e9tude (peuplements forestiers belges matures), le projet vise \u00e0 tester diff\u00e9rentes options de gestion sylvicole et de la faune sur le succ\u00e8s de la r\u00e9g\u00e9n\u00e9ration, sur la fourniture de services \u00e9cosyst\u00e9miques et sur la fertilit\u00e9 des sols (durabilit\u00e9) tout en tenant compte des changements climatiques. Pour atteindre cet objectif, des simulations seront r\u00e9alis\u00e9es \u00e0 l&rsquo;aide d&rsquo;un mod\u00e8le individuel et spatialement explicite (appel\u00e9 <a href=\"https:\/\/www.regeplus.be\/fr\/models-case-studies\/\">HETEROFOR<\/a>) d\u00e9crivant la dynamique des peuplements en fonction de l&rsquo;utilisation des ressources (lumi\u00e8re, eau et nutriments).<\/span>[\/vc_column_text][\/vc_column][vc_column width=\u00a0\u00bb1\/2&Prime;][vc_column_text el_class=\u00a0\u00bbmb-0&Prime;]<span style=\"font-weight: 400;\">Ce mod\u00e8le est particuli\u00e8rement adapt\u00e9 pour tester des itin\u00e9raires sylvicoles dans des peuplements structurellement complexes et diversifi\u00e9s en esp\u00e8ces. Il sera cependant adapt\u00e9 pour tenir compte des effets de l&rsquo;abroutissement par les ongul\u00e9s sur le d\u00e9veloppement et la mortalit\u00e9 des semis. Ces exp\u00e9rimentations int\u00e9greront des sc\u00e9narios r\u00e9gionaux de changement climatique produits dans le cadre du projet Cordex.be (<\/span><a href=\"http:\/\/www.euro-cordex.be\/\" target=\"_blank\" rel=\"noopener\"><span style=\"font-weight: 400;\">http:\/\/www.euro-cordex.be\/<\/span><\/a><span style=\"font-weight: 400;\">).<\/span>[\/vc_column_text][\/vc_column][\/vc_row][vc_row el_class=\u00a0\u00bbpt-1 pt-md-4&Prime;][vc_column][vc_single_image image=\u00a0\u00bb3593&Prime; img_size=\u00a0\u00bbfull\u00a0\u00bb][\/vc_column][\/vc_row][vc_row][vc_column][vc_empty_space height=\u00a0\u00bb50px\u00a0\u00bb][\/vc_column][\/vc_row][vc_row el_class=\u00a0\u00bbpt-2&Prime; el_id=\u00a0\u00bbimpacts\u00a0\u00bb][vc_column][vc_custom_heading text=\u00a0\u00bbImpacts attendus\u00a0\u00bb use_theme_fonts=\u00a0\u00bbyes\u00a0\u00bb el_class=\u00a0\u00bbmb-0&Prime;][vc_separator color=\u00a0\u00bbcustom\u00a0\u00bb el_class=\u00a0\u00bbpt-1&Prime; accent_color=\u00a0\u00bb#689d46&Prime;][\/vc_column][\/vc_row][vc_row][vc_column width=\u00a0\u00bb1\/2&Prime;][vc_column_text el_class=\u00a0\u00bbmb-0&Prime;]<span style=\"font-weight: 400;\">Cette d\u00e9marche aidera \u00e0 d\u00e9finir la politique foresti\u00e8re aux niveaux r\u00e9gional et national en promouvant, par exemple, les op\u00e9rations sylvicoles et la gestion de la faune visant \u00e0 accro\u00eetre la diversit\u00e9, la r\u00e9sistance et la r\u00e9silience des for\u00eats. L&rsquo;analyse de simulations permettra aux d\u00e9cideurs et aux gestionnaires forestiers de percevoir l&rsquo;impact possible de divers sc\u00e9narios de gestion des for\u00eats et de la faune dans le contexte du changement climatique.<\/span>[\/vc_column_text][\/vc_column][vc_column width=\u00a0\u00bb1\/2&Prime;][vc_column_text el_class=\u00a0\u00bbmb-0&Prime;]De plus, le projet cr\u00e9era un outil de mod\u00e9lisation qui pourra \u00eatre r\u00e9utilis\u00e9 dans d&rsquo;autres contextes pour tester l&rsquo;impact des strat\u00e9gies de gestion foresti\u00e8re tout en tenant compte des changements environnementaux.<\/p>\n<p><span style=\"font-weight: 400;\">Une description plus d\u00e9taill\u00e9e du projet est disponible <a href=\"https:\/\/www.regeplus.be\/files\/uploads\/2021\/08\/REGEplus_DetailedProjectDescription.pdf\" target=\"_blank\" rel=\"noopener\">ici.<\/a><\/span>[\/vc_column_text][\/vc_column][\/vc_row][vc_row el_class=\u00a0\u00bbpt-1 pt-md-4&Prime;][vc_column][vc_single_image image=\u00a0\u00bb3983&Prime; img_size=\u00a0\u00bbfull\u00a0\u00bb][\/vc_column][\/vc_row][vc_row][vc_column][vc_empty_space height=\u00a0\u00bb50px\u00a0\u00bb][\/vc_column][\/vc_row]<\/p>\n<\/div>","protected":false},"excerpt":{"rendered":"<p>[vc_row][vc_column][vc_empty_space height=\u00a0\u00bb50px\u00a0\u00bb][\/vc_column][\/vc_row][vc_row el_class=\u00a0\u00bbpt-2&Prime; el_id=\u00a0\u00bbcontexte\u00a0\u00bb][vc_column][vc_custom_heading text=\u00a0\u00bbContexte\u00a0\u00bb use_theme_fonts=\u00a0\u00bbyes\u00a0\u00bb el_class=\u00a0\u00bbmb-0&Prime;][vc_separator color=\u00a0\u00bbcustom\u00a0\u00bb el_class=\u00a0\u00bbpt-1&Prime; accent_color=\u00a0\u00bb#689d46&Prime;][\/vc_column][\/vc_row][vc_row][vc_column width=\u00a0\u00bb1\/2&Prime;][vc_column_text el_class=\u00a0\u00bbmb-0&Prime;]Pour maintenir leurs multiples services \u00e9cosyst\u00e9miques (entre autres, la production de bois, les loisirs, la protection des sols et de l&rsquo;eau, la s\u00e9questration du carbone) sur le long terme, les for\u00eats doivent \u00eatre continuellement r\u00e9g\u00e9n\u00e9r\u00e9es. Les for\u00eats europ\u00e9ennes et, plus sp\u00e9cifiquement, les for\u00eats belges [&hellip;]<\/p>\n","protected":false},"author":1,"featured_media":0,"parent":0,"menu_order":0,"comment_status":"closed","ping_status":"closed","template":"","meta":{"footnotes":""},"class_list":["post-865","page","type-page","status-publish","hentry"],"yoast_head":"<!-- This site is optimized with the Yoast SEO plugin v27.4 - https:\/\/yoast.com\/product\/yoast-seo-wordpress\/ -->\n<title>Description du projet | REGE+<\/title>\n<meta name=\"robots\" content=\"index, follow, max-snippet:-1, max-image-preview:large, max-video-preview:-1\" \/>\n<link rel=\"canonical\" href=\"https:\/\/www.regeplus.be\/fr\/project-description\/\" \/>\n<meta property=\"og:locale\" content=\"fr_FR\" \/>\n<meta property=\"og:type\" content=\"article\" \/>\n<meta property=\"og:title\" content=\"Description du projet | REGE+\" \/>\n<meta property=\"og:description\" content=\"[vc_row][vc_column][vc_empty_space height=\u00a0\u00bb50px\u00a0\u00bb][\/vc_column][\/vc_row][vc_row el_class=\u00a0\u00bbpt-2&Prime; el_id=\u00a0\u00bbcontexte\u00a0\u00bb][vc_column][vc_custom_heading text=\u00a0\u00bbContexte\u00a0\u00bb use_theme_fonts=\u00a0\u00bbyes\u00a0\u00bb el_class=\u00a0\u00bbmb-0&Prime;][vc_separator color=\u00a0\u00bbcustom\u00a0\u00bb el_class=\u00a0\u00bbpt-1&Prime; accent_color=\u00a0\u00bb#689d46&Prime;][\/vc_column][\/vc_row][vc_row][vc_column width=\u00a0\u00bb1\/2&Prime;][vc_column_text el_class=\u00a0\u00bbmb-0&Prime;]Pour maintenir leurs multiples services \u00e9cosyst\u00e9miques (entre autres, la production de bois, les loisirs, la protection des sols et de l&rsquo;eau, la s\u00e9questration du carbone) sur le long terme, les for\u00eats doivent \u00eatre continuellement r\u00e9g\u00e9n\u00e9r\u00e9es. Les for\u00eats europ\u00e9ennes et, plus sp\u00e9cifiquement, les for\u00eats belges [&hellip;]\" \/>\n<meta property=\"og:url\" content=\"https:\/\/www.regeplus.be\/fr\/project-description\/\" \/>\n<meta property=\"og:site_name\" content=\"REGE+\" \/>\n<meta property=\"article:modified_time\" content=\"2022-01-13T15:22:14+00:00\" \/>\n<meta property=\"og:image\" content=\"https:\/\/www.regeplus.be\/files\/uploads\/2021\/11\/regeplus-og.jpg\" \/>\n\t<meta property=\"og:image:width\" content=\"1920\" \/>\n\t<meta property=\"og:image:height\" content=\"1440\" \/>\n\t<meta property=\"og:image:type\" content=\"image\/jpeg\" \/>\n<meta name=\"twitter:card\" content=\"summary_large_image\" \/>\n<meta name=\"twitter:label1\" content=\"Dur\u00e9e de lecture estim\u00e9e\" \/>\n\t<meta name=\"twitter:data1\" content=\"4 minutes\" \/>\n<script type=\"application\/ld+json\" class=\"yoast-schema-graph\">{\"@context\":\"https:\\\/\\\/schema.org\",\"@graph\":[{\"@type\":\"WebPage\",\"@id\":\"https:\\\/\\\/www.regeplus.be\\\/fr\\\/project-description\\\/\",\"url\":\"https:\\\/\\\/www.regeplus.be\\\/fr\\\/project-description\\\/\",\"name\":\"Description du projet | REGE+\",\"isPartOf\":{\"@id\":\"https:\\\/\\\/www.regeplus.be\\\/fr\\\/#website\"},\"datePublished\":\"2021-06-21T10:59:32+00:00\",\"dateModified\":\"2022-01-13T15:22:14+00:00\",\"breadcrumb\":{\"@id\":\"https:\\\/\\\/www.regeplus.be\\\/fr\\\/project-description\\\/#breadcrumb\"},\"inLanguage\":\"fr-FR\",\"potentialAction\":[{\"@type\":\"ReadAction\",\"target\":[\"https:\\\/\\\/www.regeplus.be\\\/fr\\\/project-description\\\/\"]}]},{\"@type\":\"BreadcrumbList\",\"@id\":\"https:\\\/\\\/www.regeplus.be\\\/fr\\\/project-description\\\/#breadcrumb\",\"itemListElement\":[{\"@type\":\"ListItem\",\"position\":1,\"name\":\"Accueil\",\"item\":\"https:\\\/\\\/www.regeplus.be\\\/fr\\\/\"},{\"@type\":\"ListItem\",\"position\":2,\"name\":\"Description du projet\"}]},{\"@type\":\"WebSite\",\"@id\":\"https:\\\/\\\/www.regeplus.be\\\/fr\\\/#website\",\"url\":\"https:\\\/\\\/www.regeplus.be\\\/fr\\\/\",\"name\":\"REGE+\",\"description\":\"\",\"publisher\":{\"@id\":\"https:\\\/\\\/www.regeplus.be\\\/fr\\\/#organization\"},\"potentialAction\":[{\"@type\":\"SearchAction\",\"target\":{\"@type\":\"EntryPoint\",\"urlTemplate\":\"https:\\\/\\\/www.regeplus.be\\\/fr\\\/?s={search_term_string}\"},\"query-input\":{\"@type\":\"PropertyValueSpecification\",\"valueRequired\":true,\"valueName\":\"search_term_string\"}}],\"inLanguage\":\"fr-FR\"},{\"@type\":\"Organization\",\"@id\":\"https:\\\/\\\/www.regeplus.be\\\/fr\\\/#organization\",\"name\":\"Rege+\",\"url\":\"https:\\\/\\\/www.regeplus.be\\\/fr\\\/\",\"logo\":{\"@type\":\"ImageObject\",\"inLanguage\":\"fr-FR\",\"@id\":\"https:\\\/\\\/www.regeplus.be\\\/fr\\\/#\\\/schema\\\/logo\\\/image\\\/\",\"url\":\"https:\\\/\\\/www.regeplus.be\\\/files\\\/uploads\\\/2021\\\/11\\\/regeplus_logo.png\",\"contentUrl\":\"https:\\\/\\\/www.regeplus.be\\\/files\\\/uploads\\\/2021\\\/11\\\/regeplus_logo.png\",\"width\":2061,\"height\":1555,\"caption\":\"Rege+\"},\"image\":{\"@id\":\"https:\\\/\\\/www.regeplus.be\\\/fr\\\/#\\\/schema\\\/logo\\\/image\\\/\"}}]}<\/script>\n<!-- \/ Yoast SEO plugin. -->","yoast_head_json":{"title":"Description du projet | REGE+","robots":{"index":"index","follow":"follow","max-snippet":"max-snippet:-1","max-image-preview":"max-image-preview:large","max-video-preview":"max-video-preview:-1"},"canonical":"https:\/\/www.regeplus.be\/fr\/project-description\/","og_locale":"fr_FR","og_type":"article","og_title":"Description du projet | REGE+","og_description":"[vc_row][vc_column][vc_empty_space height=\u00a0\u00bb50px\u00a0\u00bb][\/vc_column][\/vc_row][vc_row el_class=\u00a0\u00bbpt-2&Prime; el_id=\u00a0\u00bbcontexte\u00a0\u00bb][vc_column][vc_custom_heading text=\u00a0\u00bbContexte\u00a0\u00bb use_theme_fonts=\u00a0\u00bbyes\u00a0\u00bb el_class=\u00a0\u00bbmb-0&Prime;][vc_separator color=\u00a0\u00bbcustom\u00a0\u00bb el_class=\u00a0\u00bbpt-1&Prime; accent_color=\u00a0\u00bb#689d46&Prime;][\/vc_column][\/vc_row][vc_row][vc_column width=\u00a0\u00bb1\/2&Prime;][vc_column_text el_class=\u00a0\u00bbmb-0&Prime;]Pour maintenir leurs multiples services \u00e9cosyst\u00e9miques (entre autres, la production de bois, les loisirs, la protection des sols et de l&rsquo;eau, la s\u00e9questration du carbone) sur le long terme, les for\u00eats doivent \u00eatre continuellement r\u00e9g\u00e9n\u00e9r\u00e9es. Les for\u00eats europ\u00e9ennes et, plus sp\u00e9cifiquement, les for\u00eats belges [&hellip;]","og_url":"https:\/\/www.regeplus.be\/fr\/project-description\/","og_site_name":"REGE+","article_modified_time":"2022-01-13T15:22:14+00:00","og_image":[{"width":1920,"height":1440,"url":"https:\/\/www.regeplus.be\/files\/uploads\/2021\/11\/regeplus-og.jpg","type":"image\/jpeg"}],"twitter_card":"summary_large_image","twitter_misc":{"Dur\u00e9e de lecture estim\u00e9e":"4 minutes"},"schema":{"@context":"https:\/\/schema.org","@graph":[{"@type":"WebPage","@id":"https:\/\/www.regeplus.be\/fr\/project-description\/","url":"https:\/\/www.regeplus.be\/fr\/project-description\/","name":"Description du projet | REGE+","isPartOf":{"@id":"https:\/\/www.regeplus.be\/fr\/#website"},"datePublished":"2021-06-21T10:59:32+00:00","dateModified":"2022-01-13T15:22:14+00:00","breadcrumb":{"@id":"https:\/\/www.regeplus.be\/fr\/project-description\/#breadcrumb"},"inLanguage":"fr-FR","potentialAction":[{"@type":"ReadAction","target":["https:\/\/www.regeplus.be\/fr\/project-description\/"]}]},{"@type":"BreadcrumbList","@id":"https:\/\/www.regeplus.be\/fr\/project-description\/#breadcrumb","itemListElement":[{"@type":"ListItem","position":1,"name":"Accueil","item":"https:\/\/www.regeplus.be\/fr\/"},{"@type":"ListItem","position":2,"name":"Description du projet"}]},{"@type":"WebSite","@id":"https:\/\/www.regeplus.be\/fr\/#website","url":"https:\/\/www.regeplus.be\/fr\/","name":"REGE+","description":"","publisher":{"@id":"https:\/\/www.regeplus.be\/fr\/#organization"},"potentialAction":[{"@type":"SearchAction","target":{"@type":"EntryPoint","urlTemplate":"https:\/\/www.regeplus.be\/fr\/?s={search_term_string}"},"query-input":{"@type":"PropertyValueSpecification","valueRequired":true,"valueName":"search_term_string"}}],"inLanguage":"fr-FR"},{"@type":"Organization","@id":"https:\/\/www.regeplus.be\/fr\/#organization","name":"Rege+","url":"https:\/\/www.regeplus.be\/fr\/","logo":{"@type":"ImageObject","inLanguage":"fr-FR","@id":"https:\/\/www.regeplus.be\/fr\/#\/schema\/logo\/image\/","url":"https:\/\/www.regeplus.be\/files\/uploads\/2021\/11\/regeplus_logo.png","contentUrl":"https:\/\/www.regeplus.be\/files\/uploads\/2021\/11\/regeplus_logo.png","width":2061,"height":1555,"caption":"Rege+"},"image":{"@id":"https:\/\/www.regeplus.be\/fr\/#\/schema\/logo\/image\/"}}]}},"_links":{"self":[{"href":"https:\/\/www.regeplus.be\/fr\/wp-json\/wp\/v2\/pages\/865","targetHints":{"allow":["GET"]}}],"collection":[{"href":"https:\/\/www.regeplus.be\/fr\/wp-json\/wp\/v2\/pages"}],"about":[{"href":"https:\/\/www.regeplus.be\/fr\/wp-json\/wp\/v2\/types\/page"}],"author":[{"embeddable":true,"href":"https:\/\/www.regeplus.be\/fr\/wp-json\/wp\/v2\/users\/1"}],"replies":[{"embeddable":true,"href":"https:\/\/www.regeplus.be\/fr\/wp-json\/wp\/v2\/comments?post=865"}],"version-history":[{"count":5,"href":"https:\/\/www.regeplus.be\/fr\/wp-json\/wp\/v2\/pages\/865\/revisions"}],"predecessor-version":[{"id":4463,"href":"https:\/\/www.regeplus.be\/fr\/wp-json\/wp\/v2\/pages\/865\/revisions\/4463"}],"wp:attachment":[{"href":"https:\/\/www.regeplus.be\/fr\/wp-json\/wp\/v2\/media?parent=865"}],"curies":[{"name":"wp","href":"https:\/\/api.w.org\/{rel}","templated":true}]}}