{"id":829,"date":"2021-06-21T11:01:40","date_gmt":"2021-06-21T11:01:40","guid":{"rendered":"https:\/\/www.regeplus.be\/data-sets\/"},"modified":"2021-12-09T22:56:09","modified_gmt":"2021-12-09T22:56:09","slug":"data-sets","status":"publish","type":"page","link":"https:\/\/www.regeplus.be\/fr\/data-sets\/","title":{"rendered":"Jeux de donn\u00e9es"},"content":{"rendered":"<div class=\"wpb-content-wrapper\"><p>[vc_row][vc_column][vc_empty_space height=\u00a0\u00bb50px\u00a0\u00bb][\/vc_column][\/vc_row][vc_row][vc_column][vc_column_text el_class=\u00a0\u00bbmb-0&Prime;]<\/p>\n<p style=\"text-align: center;\">Au cours du projet, des donn\u00e9es existantes seront trait\u00e9es et de nouvelles mesures seront r\u00e9alis\u00e9es afin d&rsquo;initialiser, de calibrer et d&rsquo;\u00e9valuer le mod\u00e8le, tandis que d&rsquo;autres donn\u00e9es seront g\u00e9n\u00e9r\u00e9es par des simulations. Les quatre principaux types de donn\u00e9es sont d\u00e9crits en d\u00e9tail ci-dessous. N&rsquo;h\u00e9sitez pas \u00e0 nous contacter pour plus d&rsquo;informations sur ces donn\u00e9es et sur leur accessibilit\u00e9.<\/p>\n<p>[\/vc_column_text][\/vc_column][\/vc_row][vc_row][vc_column][vc_empty_space height=\u00a0\u00bb50px\u00a0\u00bb][\/vc_column][\/vc_row][vc_row equal_height=\u00a0\u00bbyes\u00a0\u00bb][vc_column el_class=\u00a0\u00bbpr-md-0 ml-0 ml-lg-1 pt-0 pl-1 pl-md-0 pl-lg-1 pr-md-1 pr-lg-0 filtre-image-home\u00a0\u00bb css=\u00a0\u00bb.vc_custom_1624376196826{background-position: center !important;background-repeat: no-repeat !important;background-size: cover !important;}\u00a0\u00bb][vc_basic_grid post_type=\u00a0\u00bbids\u00a0\u00bb element_width=\u00a0\u00bb6&Prime; item=\u00a0\u00bb67&Prime; grid_id=\u00a0\u00bbvc_gid:1639090537331-5f0c278d-9d38-6&Prime; include=\u00a0\u00bb329, 356, 362, 364&Prime;][\/vc_column][\/vc_row][vc_row][vc_column][vc_empty_space height=\u00a0\u00bb50px\u00a0\u00bb][\/vc_column][\/vc_row][vc_row][vc_column][vc_empty_space height=\u00a0\u00bb50px\u00a0\u00bb][\/vc_column][\/vc_row]<\/p>\n<\/div>","protected":false},"excerpt":{"rendered":"<p>[vc_row][vc_column][vc_empty_space height=\u00a0\u00bb50px\u00a0\u00bb][\/vc_column][\/vc_row][vc_row][vc_column][vc_column_text el_class=\u00a0\u00bbmb-0&Prime;] Au cours du projet, des donn\u00e9es existantes seront trait\u00e9es et de nouvelles mesures seront r\u00e9alis\u00e9es afin d&rsquo;initialiser, de calibrer et d&rsquo;\u00e9valuer le mod\u00e8le, tandis que d&rsquo;autres donn\u00e9es seront g\u00e9n\u00e9r\u00e9es par des simulations. Les quatre principaux types de donn\u00e9es sont d\u00e9crits en d\u00e9tail ci-dessous. N&rsquo;h\u00e9sitez pas \u00e0 nous contacter pour plus d&rsquo;informations sur [&hellip;]<\/p>\n","protected":false},"author":1,"featured_media":0,"parent":0,"menu_order":0,"comment_status":"closed","ping_status":"closed","template":"","meta":{"footnotes":""},"class_list":["post-829","page","type-page","status-publish","hentry"],"yoast_head":"<!-- This site is optimized with the Yoast SEO plugin v27.4 - https:\/\/yoast.com\/product\/yoast-seo-wordpress\/ -->\n<title>Jeux de donn\u00e9es | REGE+<\/title>\n<meta name=\"robots\" content=\"index, follow, max-snippet:-1, max-image-preview:large, max-video-preview:-1\" \/>\n<link rel=\"canonical\" href=\"https:\/\/www.regeplus.be\/fr\/data-sets\/\" \/>\n<meta property=\"og:locale\" content=\"fr_FR\" \/>\n<meta property=\"og:type\" content=\"article\" \/>\n<meta property=\"og:title\" content=\"Jeux de donn\u00e9es | REGE+\" \/>\n<meta property=\"og:description\" content=\"[vc_row][vc_column][vc_empty_space height=\u00a0\u00bb50px\u00a0\u00bb][\/vc_column][\/vc_row][vc_row][vc_column][vc_column_text el_class=\u00a0\u00bbmb-0&Prime;] Au cours du projet, des donn\u00e9es existantes seront trait\u00e9es et de nouvelles mesures seront r\u00e9alis\u00e9es afin d&rsquo;initialiser, de calibrer et d&rsquo;\u00e9valuer le mod\u00e8le, tandis que d&rsquo;autres donn\u00e9es seront g\u00e9n\u00e9r\u00e9es par des simulations. Les quatre principaux types de donn\u00e9es sont d\u00e9crits en d\u00e9tail ci-dessous. N&rsquo;h\u00e9sitez pas \u00e0 nous contacter pour plus d&rsquo;informations sur [&hellip;]\" \/>\n<meta property=\"og:url\" content=\"https:\/\/www.regeplus.be\/fr\/data-sets\/\" \/>\n<meta property=\"og:site_name\" content=\"REGE+\" \/>\n<meta property=\"article:modified_time\" content=\"2021-12-09T22:56:09+00:00\" \/>\n<meta property=\"og:image\" content=\"https:\/\/www.regeplus.be\/files\/uploads\/2021\/11\/regeplus-og.jpg\" \/>\n\t<meta property=\"og:image:width\" content=\"1920\" \/>\n\t<meta property=\"og:image:height\" content=\"1440\" \/>\n\t<meta property=\"og:image:type\" content=\"image\/jpeg\" \/>\n<meta name=\"twitter:card\" content=\"summary_large_image\" \/>\n<meta name=\"twitter:label1\" content=\"Dur\u00e9e de lecture estim\u00e9e\" \/>\n\t<meta name=\"twitter:data1\" content=\"1 minute\" \/>\n<script type=\"application\/ld+json\" class=\"yoast-schema-graph\">{\"@context\":\"https:\\\/\\\/schema.org\",\"@graph\":[{\"@type\":\"WebPage\",\"@id\":\"https:\\\/\\\/www.regeplus.be\\\/fr\\\/data-sets\\\/\",\"url\":\"https:\\\/\\\/www.regeplus.be\\\/fr\\\/data-sets\\\/\",\"name\":\"Jeux de donn\u00e9es | REGE+\",\"isPartOf\":{\"@id\":\"https:\\\/\\\/www.regeplus.be\\\/fr\\\/#website\"},\"datePublished\":\"2021-06-21T11:01:40+00:00\",\"dateModified\":\"2021-12-09T22:56:09+00:00\",\"breadcrumb\":{\"@id\":\"https:\\\/\\\/www.regeplus.be\\\/fr\\\/data-sets\\\/#breadcrumb\"},\"inLanguage\":\"fr-FR\",\"potentialAction\":[{\"@type\":\"ReadAction\",\"target\":[\"https:\\\/\\\/www.regeplus.be\\\/fr\\\/data-sets\\\/\"]}]},{\"@type\":\"BreadcrumbList\",\"@id\":\"https:\\\/\\\/www.regeplus.be\\\/fr\\\/data-sets\\\/#breadcrumb\",\"itemListElement\":[{\"@type\":\"ListItem\",\"position\":1,\"name\":\"Accueil\",\"item\":\"https:\\\/\\\/www.regeplus.be\\\/fr\\\/\"},{\"@type\":\"ListItem\",\"position\":2,\"name\":\"Jeux de donn\u00e9es\"}]},{\"@type\":\"WebSite\",\"@id\":\"https:\\\/\\\/www.regeplus.be\\\/fr\\\/#website\",\"url\":\"https:\\\/\\\/www.regeplus.be\\\/fr\\\/\",\"name\":\"REGE+\",\"description\":\"\",\"publisher\":{\"@id\":\"https:\\\/\\\/www.regeplus.be\\\/fr\\\/#organization\"},\"potentialAction\":[{\"@type\":\"SearchAction\",\"target\":{\"@type\":\"EntryPoint\",\"urlTemplate\":\"https:\\\/\\\/www.regeplus.be\\\/fr\\\/?s={search_term_string}\"},\"query-input\":{\"@type\":\"PropertyValueSpecification\",\"valueRequired\":true,\"valueName\":\"search_term_string\"}}],\"inLanguage\":\"fr-FR\"},{\"@type\":\"Organization\",\"@id\":\"https:\\\/\\\/www.regeplus.be\\\/fr\\\/#organization\",\"name\":\"Rege+\",\"url\":\"https:\\\/\\\/www.regeplus.be\\\/fr\\\/\",\"logo\":{\"@type\":\"ImageObject\",\"inLanguage\":\"fr-FR\",\"@id\":\"https:\\\/\\\/www.regeplus.be\\\/fr\\\/#\\\/schema\\\/logo\\\/image\\\/\",\"url\":\"https:\\\/\\\/www.regeplus.be\\\/files\\\/uploads\\\/2021\\\/11\\\/regeplus_logo.png\",\"contentUrl\":\"https:\\\/\\\/www.regeplus.be\\\/files\\\/uploads\\\/2021\\\/11\\\/regeplus_logo.png\",\"width\":2061,\"height\":1555,\"caption\":\"Rege+\"},\"image\":{\"@id\":\"https:\\\/\\\/www.regeplus.be\\\/fr\\\/#\\\/schema\\\/logo\\\/image\\\/\"}}]}<\/script>\n<!-- \/ Yoast SEO plugin. -->","yoast_head_json":{"title":"Jeux de donn\u00e9es | REGE+","robots":{"index":"index","follow":"follow","max-snippet":"max-snippet:-1","max-image-preview":"max-image-preview:large","max-video-preview":"max-video-preview:-1"},"canonical":"https:\/\/www.regeplus.be\/fr\/data-sets\/","og_locale":"fr_FR","og_type":"article","og_title":"Jeux de donn\u00e9es | REGE+","og_description":"[vc_row][vc_column][vc_empty_space height=\u00a0\u00bb50px\u00a0\u00bb][\/vc_column][\/vc_row][vc_row][vc_column][vc_column_text el_class=\u00a0\u00bbmb-0&Prime;] Au cours du projet, des donn\u00e9es existantes seront trait\u00e9es et de nouvelles mesures seront r\u00e9alis\u00e9es afin d&rsquo;initialiser, de calibrer et d&rsquo;\u00e9valuer le mod\u00e8le, tandis que d&rsquo;autres donn\u00e9es seront g\u00e9n\u00e9r\u00e9es par des simulations. Les quatre principaux types de donn\u00e9es sont d\u00e9crits en d\u00e9tail ci-dessous. N&rsquo;h\u00e9sitez pas \u00e0 nous contacter pour plus d&rsquo;informations sur [&hellip;]","og_url":"https:\/\/www.regeplus.be\/fr\/data-sets\/","og_site_name":"REGE+","article_modified_time":"2021-12-09T22:56:09+00:00","og_image":[{"width":1920,"height":1440,"url":"https:\/\/www.regeplus.be\/files\/uploads\/2021\/11\/regeplus-og.jpg","type":"image\/jpeg"}],"twitter_card":"summary_large_image","twitter_misc":{"Dur\u00e9e de lecture estim\u00e9e":"1 minute"},"schema":{"@context":"https:\/\/schema.org","@graph":[{"@type":"WebPage","@id":"https:\/\/www.regeplus.be\/fr\/data-sets\/","url":"https:\/\/www.regeplus.be\/fr\/data-sets\/","name":"Jeux de donn\u00e9es | REGE+","isPartOf":{"@id":"https:\/\/www.regeplus.be\/fr\/#website"},"datePublished":"2021-06-21T11:01:40+00:00","dateModified":"2021-12-09T22:56:09+00:00","breadcrumb":{"@id":"https:\/\/www.regeplus.be\/fr\/data-sets\/#breadcrumb"},"inLanguage":"fr-FR","potentialAction":[{"@type":"ReadAction","target":["https:\/\/www.regeplus.be\/fr\/data-sets\/"]}]},{"@type":"BreadcrumbList","@id":"https:\/\/www.regeplus.be\/fr\/data-sets\/#breadcrumb","itemListElement":[{"@type":"ListItem","position":1,"name":"Accueil","item":"https:\/\/www.regeplus.be\/fr\/"},{"@type":"ListItem","position":2,"name":"Jeux de donn\u00e9es"}]},{"@type":"WebSite","@id":"https:\/\/www.regeplus.be\/fr\/#website","url":"https:\/\/www.regeplus.be\/fr\/","name":"REGE+","description":"","publisher":{"@id":"https:\/\/www.regeplus.be\/fr\/#organization"},"potentialAction":[{"@type":"SearchAction","target":{"@type":"EntryPoint","urlTemplate":"https:\/\/www.regeplus.be\/fr\/?s={search_term_string}"},"query-input":{"@type":"PropertyValueSpecification","valueRequired":true,"valueName":"search_term_string"}}],"inLanguage":"fr-FR"},{"@type":"Organization","@id":"https:\/\/www.regeplus.be\/fr\/#organization","name":"Rege+","url":"https:\/\/www.regeplus.be\/fr\/","logo":{"@type":"ImageObject","inLanguage":"fr-FR","@id":"https:\/\/www.regeplus.be\/fr\/#\/schema\/logo\/image\/","url":"https:\/\/www.regeplus.be\/files\/uploads\/2021\/11\/regeplus_logo.png","contentUrl":"https:\/\/www.regeplus.be\/files\/uploads\/2021\/11\/regeplus_logo.png","width":2061,"height":1555,"caption":"Rege+"},"image":{"@id":"https:\/\/www.regeplus.be\/fr\/#\/schema\/logo\/image\/"}}]}},"_links":{"self":[{"href":"https:\/\/www.regeplus.be\/fr\/wp-json\/wp\/v2\/pages\/829","targetHints":{"allow":["GET"]}}],"collection":[{"href":"https:\/\/www.regeplus.be\/fr\/wp-json\/wp\/v2\/pages"}],"about":[{"href":"https:\/\/www.regeplus.be\/fr\/wp-json\/wp\/v2\/types\/page"}],"author":[{"embeddable":true,"href":"https:\/\/www.regeplus.be\/fr\/wp-json\/wp\/v2\/users\/1"}],"replies":[{"embeddable":true,"href":"https:\/\/www.regeplus.be\/fr\/wp-json\/wp\/v2\/comments?post=829"}],"version-history":[{"count":3,"href":"https:\/\/www.regeplus.be\/fr\/wp-json\/wp\/v2\/pages\/829\/revisions"}],"predecessor-version":[{"id":2683,"href":"https:\/\/www.regeplus.be\/fr\/wp-json\/wp\/v2\/pages\/829\/revisions\/2683"}],"wp:attachment":[{"href":"https:\/\/www.regeplus.be\/fr\/wp-json\/wp\/v2\/media?parent=829"}],"curies":[{"name":"wp","href":"https:\/\/api.w.org\/{rel}","templated":true}]}}